{"id":8093,"date":"2024-06-11T17:16:03","date_gmt":"2024-06-11T17:16:03","guid":{"rendered":"http:\/\/vitmedis.lt\/?page_id=8093"},"modified":"2024-06-11T17:27:03","modified_gmt":"2024-06-11T17:27:03","slug":"privatumo-politka","status":"publish","type":"page","link":"https:\/\/vitmedis.lt\/en\/privatumo-politka\/","title":{"rendered":"Privacy Policy"},"content":{"rendered":"<div class=\"wp-block-uagb-container uagb-block-fb845131 alignfull uagb-is-root-container\">\n<h2 class=\"wp-block-heading has-text-align-center has-ast-global-color-5-color has-text-color has-link-color wp-elements-0c9af52f9fb24cca94804e16f6872d8f\">Privacy Policy<\/h2>\n<\/div>\n\n\n\n<div style=\"height:100px\" aria-hidden=\"true\" class=\"wp-block-spacer\"><\/div>\n\n\n\n<p>This Privacy Policy describes the privacy practices of UAB \"Vitmedis\", Tiesioji g. 40, Bajor\u0173 k., Akademijos p\u0161t., Kaunas r. sav., Kaunas 53368, Lithuania, e-mail: info@vitmedis.lt, telephone: +370 601 55907 regarding the collection, use and disclosure of your information that we collect when you use our website ( http:\/\/vitmedis.lt \/new ).(service\"). By accessing or using the Service, you consent to the collection, use and disclosure of your information in accordance with this Privacy Policy. If you do not agree to the same, do not access or use the Service.<br>We may change this Privacy Policy at any time without prior notice and will post the revised Privacy Policy on the Service. The revised Policy will remain in effect for 180 days from the date the revised Policy is posted on the Service, and your continued access to or use of the Service after that time will signify your acceptance of the revised Privacy Policy. We therefore recommend that you periodically review this page.<\/p>\n\n\n\n<p>Your rights:<br>Depending on the applicable law, you may have the right to access and rectify or erase your personal data or to obtain a copy of your personal data, to restrict or object to the active processing of your data, to ask us to share (transfer) your personal data to another entity, to revoke any consent that you have given us for the processing of your data, to lodge a complaint with a statutory authority, and any other rights that may be relevant under the applicable law. To exercise these rights, you can write to us at info@vitmedis.lt. We will respond to your request in accordance with applicable law.<br>Please note that if you do not allow us to collect or process the necessary personal information or withdraw your consent to process it for the necessary purposes, you may not be able to access or use the services for which your information was sought.<\/p>\n\n\n\n<p>Cookies, etc. To learn more about how we use these technologies and your choices regarding these tracking technologies, see our <a href=\"http:\/\/vitmedis.lt\/en\/slapuku-politika\/\">cookie policy<\/a>.<\/p>\n\n\n\n<p>Security:<br>The security of your information is important to us and we will use reasonable security measures to prevent the loss, misuse or unauthorised alteration of your information under our control. However, given the inherent risks involved, we cannot guarantee absolute security and we cannot ensure or warrant the security of any information you transmit to us and you do so at your own risk.<\/p>\n\n\n\n<p>Third party links and use of your information:<br>Our Service may contain links to other websites not operated by us. This Privacy Policy does not cover the privacy policies and other practices of any third party, including any third party that operates any website or service that may be accessed through a link in the Service. We strongly encourage you to review the privacy policy of each website you visit. We have no control over, and assume no responsibility for, the content, privacy policies, or practices of any third party websites or services.<\/p>\n\n\n\n<p>Complaint \/ Data Protection Officer:<br>If you have any questions or uncertainties regarding the processing of your information held by us, you can write to our Complaints Handling Specialist at UAB Vitmedis, Tiesioji g. 40, Bajor\u0173 k., Akademijos p\u0161t., Kauno r. sav., e-mail: info@vitmedis.lt. We will resolve your problems in accordance with the applicable laws.<\/p>\n\n\n\n<div class=\"wp-block-uagb-container uagb-block-e309ceef alignfull uagb-is-root-container\"><div class=\"uagb-container-inner-blocks-wrap\"><\/div><\/div>","protected":false},"excerpt":{"rendered":"<p>Privatumo politika \u0160ioje Privatumo politikoje apra\u0161omos UAB \u201eVitmedis\u201c, Tiesioji g. 40, Bajor\u0173 k., Akademijos p\u0161t., Kauno r. sav., Kaunas 53368, Lietuva, el. pa\u0161tas: info@vitmedis.lt, telefonas: +370 601 55907 apie J\u016bs\u0173 informacijos, kuri\u0105 renkame Jums naudojantis m\u016bs\u0173 svetaine, rinkim\u0105, naudojim\u0105 ir atskleidim\u0105 ( http:\/\/vitmedis.lt \/naujas ). (tarnyba&#8221;). Prisijungdami prie Paslaugos ar naudodamiesi ja, j\u016bs sutinkate, kad [&hellip;]<\/p>\n","protected":false},"author":1,"featured_media":0,"parent":0,"menu_order":0,"comment_status":"closed","ping_status":"closed","template":"","meta":{"_uag_custom_page_level_css":"","site-sidebar-layout":"default","site-content-layout":"","ast-site-content-layout":"default","site-content-style":"default","site-sidebar-style":"default","ast-global-header-display":"","ast-banner-title-visibility":"","ast-main-header-display":"","ast-hfb-above-header-display":"","ast-hfb-below-header-display":"","ast-hfb-mobile-header-display":"","site-post-title":"disabled","ast-breadcrumbs-content":"","ast-featured-img":"","footer-sml-layout":"","ast-disable-related-posts":"","theme-transparent-header-meta":"","adv-header-id-meta":"","stick-header-meta":"","header-above-stick-meta":"","header-main-stick-meta":"","header-below-stick-meta":"","astra-migrate-meta-layouts":"set","ast-page-background-enabled":"default","ast-page-background-meta":{"desktop":{"background-color":"var(--ast-global-color-4)","background-image":"","background-repeat":"repeat","background-position":"center center","background-size":"auto","background-attachment":"scroll","background-type":"","background-media":"","overlay-type":"","overlay-color":"","overlay-opacity":"","overlay-gradient":""},"tablet":{"background-color":"","background-image":"","background-repeat":"repeat","background-position":"center center","background-size":"auto","background-attachment":"scroll","background-type":"","background-media":"","overlay-type":"","overlay-color":"","overlay-opacity":"","overlay-gradient":""},"mobile":{"background-color":"","background-image":"","background-repeat":"repeat","background-position":"center center","background-size":"auto","background-attachment":"scroll","background-type":"","background-media":"","overlay-type":"","overlay-color":"","overlay-opacity":"","overlay-gradient":""}},"ast-content-background-meta":{"desktop":{"background-color":"var(--ast-global-color-5)","background-image":"","background-repeat":"repeat","background-position":"center center","background-size":"auto","background-attachment":"scroll","background-type":"","background-media":"","overlay-type":"","overlay-color":"","overlay-opacity":"","overlay-gradient":""},"tablet":{"background-color":"var(--ast-global-color-5)","background-image":"","background-repeat":"repeat","background-position":"center center","background-size":"auto","background-attachment":"scroll","background-type":"","background-media":"","overlay-type":"","overlay-color":"","overlay-opacity":"","overlay-gradient":""},"mobile":{"background-color":"var(--ast-global-color-5)","background-image":"","background-repeat":"repeat","background-position":"center center","background-size":"auto","background-attachment":"scroll","background-type":"","background-media":"","overlay-type":"","overlay-color":"","overlay-opacity":"","overlay-gradient":""}},"footnotes":""},"class_list":["post-8093","page","type-page","status-publish","hentry"],"yoast_head":"<!-- This site is optimized with the Yoast SEO plugin v27.3 - https:\/\/yoast.com\/product\/yoast-seo-wordpress\/ -->\n<title>Privatumo politka -<\/title>\n<meta name=\"robots\" content=\"index, follow, max-snippet:-1, max-image-preview:large, max-video-preview:-1\" \/>\n<link rel=\"canonical\" href=\"https:\/\/vitmedis.lt\/en\/privatumo-politka\/\" \/>\n<meta property=\"og:locale\" content=\"en_US\" \/>\n<meta property=\"og:type\" content=\"article\" \/>\n<meta property=\"og:title\" content=\"Privatumo politka -\" \/>\n<meta property=\"og:description\" content=\"Privatumo politika \u0160ioje Privatumo politikoje apra\u0161omos UAB \u201eVitmedis\u201c, Tiesioji g. 40, Bajor\u0173 k., Akademijos p\u0161t., Kauno r. sav., Kaunas 53368, Lietuva, el. pa\u0161tas: info@vitmedis.lt, telefonas: +370 601 55907 apie J\u016bs\u0173 informacijos, kuri\u0105 renkame Jums naudojantis m\u016bs\u0173 svetaine, rinkim\u0105, naudojim\u0105 ir atskleidim\u0105 ( http:\/\/vitmedis.lt \/naujas ). (tarnyba&#8221;). Prisijungdami prie Paslaugos ar naudodamiesi ja, j\u016bs sutinkate, kad [&hellip;]\" \/>\n<meta property=\"og:url\" content=\"https:\/\/vitmedis.lt\/en\/privatumo-politka\/\" \/>\n<meta property=\"article:modified_time\" content=\"2024-06-11T17:27:03+00:00\" \/>\n<meta name=\"twitter:card\" content=\"summary_large_image\" \/>\n<meta name=\"twitter:label1\" content=\"Est. reading time\" \/>\n\t<meta name=\"twitter:data1\" content=\"3 minutes\" \/>\n<script type=\"application\/ld+json\" class=\"yoast-schema-graph\">{\"@context\":\"https:\\\/\\\/schema.org\",\"@graph\":[{\"@type\":\"WebPage\",\"@id\":\"https:\\\/\\\/vitmedis.lt\\\/privatumo-politka\\\/\",\"url\":\"https:\\\/\\\/vitmedis.lt\\\/privatumo-politka\\\/\",\"name\":\"Privatumo politka -\",\"isPartOf\":{\"@id\":\"https:\\\/\\\/vitmedis.lt\\\/#website\"},\"datePublished\":\"2024-06-11T17:16:03+00:00\",\"dateModified\":\"2024-06-11T17:27:03+00:00\",\"breadcrumb\":{\"@id\":\"https:\\\/\\\/vitmedis.lt\\\/privatumo-politka\\\/#breadcrumb\"},\"inLanguage\":\"en-US\",\"potentialAction\":[{\"@type\":\"ReadAction\",\"target\":[\"https:\\\/\\\/vitmedis.lt\\\/privatumo-politka\\\/\"]}]},{\"@type\":\"BreadcrumbList\",\"@id\":\"https:\\\/\\\/vitmedis.lt\\\/privatumo-politka\\\/#breadcrumb\",\"itemListElement\":[{\"@type\":\"ListItem\",\"position\":1,\"name\":\"Home\",\"item\":\"https:\\\/\\\/vitmedis.lt\\\/\"},{\"@type\":\"ListItem\",\"position\":2,\"name\":\"Privatumo politka\"}]},{\"@type\":\"WebSite\",\"@id\":\"https:\\\/\\\/vitmedis.lt\\\/#website\",\"url\":\"https:\\\/\\\/vitmedis.lt\\\/\",\"name\":\"\",\"description\":\"Baldai nepavald\u016bs laikui\",\"potentialAction\":[{\"@type\":\"SearchAction\",\"target\":{\"@type\":\"EntryPoint\",\"urlTemplate\":\"https:\\\/\\\/vitmedis.lt\\\/?s={search_term_string}\"},\"query-input\":{\"@type\":\"PropertyValueSpecification\",\"valueRequired\":true,\"valueName\":\"search_term_string\"}}],\"inLanguage\":\"en-US\"}]}<\/script>\n<!-- \/ Yoast SEO plugin. -->","yoast_head_json":{"title":"Privatumo politka -","robots":{"index":"index","follow":"follow","max-snippet":"max-snippet:-1","max-image-preview":"max-image-preview:large","max-video-preview":"max-video-preview:-1"},"canonical":"https:\/\/vitmedis.lt\/en\/privatumo-politka\/","og_locale":"en_US","og_type":"article","og_title":"Privatumo politka -","og_description":"Privatumo politika \u0160ioje Privatumo politikoje apra\u0161omos UAB \u201eVitmedis\u201c, Tiesioji g. 40, Bajor\u0173 k., Akademijos p\u0161t., Kauno r. sav., Kaunas 53368, Lietuva, el. pa\u0161tas: info@vitmedis.lt, telefonas: +370 601 55907 apie J\u016bs\u0173 informacijos, kuri\u0105 renkame Jums naudojantis m\u016bs\u0173 svetaine, rinkim\u0105, naudojim\u0105 ir atskleidim\u0105 ( http:\/\/vitmedis.lt \/naujas ). (tarnyba&#8221;). Prisijungdami prie Paslaugos ar naudodamiesi ja, j\u016bs sutinkate, kad [&hellip;]","og_url":"https:\/\/vitmedis.lt\/en\/privatumo-politka\/","article_modified_time":"2024-06-11T17:27:03+00:00","twitter_card":"summary_large_image","twitter_misc":{"Est. reading time":"3 minutes"},"schema":{"@context":"https:\/\/schema.org","@graph":[{"@type":"WebPage","@id":"https:\/\/vitmedis.lt\/privatumo-politka\/","url":"https:\/\/vitmedis.lt\/privatumo-politka\/","name":"Privatumo politka -","isPartOf":{"@id":"https:\/\/vitmedis.lt\/#website"},"datePublished":"2024-06-11T17:16:03+00:00","dateModified":"2024-06-11T17:27:03+00:00","breadcrumb":{"@id":"https:\/\/vitmedis.lt\/privatumo-politka\/#breadcrumb"},"inLanguage":"en-US","potentialAction":[{"@type":"ReadAction","target":["https:\/\/vitmedis.lt\/privatumo-politka\/"]}]},{"@type":"BreadcrumbList","@id":"https:\/\/vitmedis.lt\/privatumo-politka\/#breadcrumb","itemListElement":[{"@type":"ListItem","position":1,"name":"Home","item":"https:\/\/vitmedis.lt\/"},{"@type":"ListItem","position":2,"name":"Privatumo politka"}]},{"@type":"WebSite","@id":"https:\/\/vitmedis.lt\/#website","url":"https:\/\/vitmedis.lt\/","name":"","description":"Furniture is timeless","potentialAction":[{"@type":"SearchAction","target":{"@type":"EntryPoint","urlTemplate":"https:\/\/vitmedis.lt\/?s={search_term_string}"},"query-input":{"@type":"PropertyValueSpecification","valueRequired":true,"valueName":"search_term_string"}}],"inLanguage":"en-US"}]}},"uagb_featured_image_src":{"full":false,"thumbnail":false,"medium":false,"medium_large":false,"large":false,"1536x1536":false,"2048x2048":false,"trp-custom-language-flag":false},"uagb_author_info":{"display_name":"Rita","author_link":"https:\/\/vitmedis.lt\/en\/author\/admin\/"},"uagb_comment_info":0,"uagb_excerpt":"Privatumo politika \u0160ioje Privatumo politikoje apra\u0161omos UAB \u201eVitmedis\u201c, Tiesioji g. 40, Bajor\u0173 k., Akademijos p\u0161t., Kauno r. sav., Kaunas 53368, Lietuva, el. pa\u0161tas: info@vitmedis.lt, telefonas: +370 601 55907 apie J\u016bs\u0173 informacijos, kuri\u0105 renkame Jums naudojantis m\u016bs\u0173 svetaine, rinkim\u0105, naudojim\u0105 ir atskleidim\u0105 ( http:\/\/vitmedis.lt \/naujas ). (tarnyba&#8221;). Prisijungdami prie Paslaugos ar naudodamiesi ja, j\u016bs sutinkate, kad&hellip;","_links":{"self":[{"href":"https:\/\/vitmedis.lt\/en\/wp-json\/wp\/v2\/pages\/8093","targetHints":{"allow":["GET"]}}],"collection":[{"href":"https:\/\/vitmedis.lt\/en\/wp-json\/wp\/v2\/pages"}],"about":[{"href":"https:\/\/vitmedis.lt\/en\/wp-json\/wp\/v2\/types\/page"}],"author":[{"embeddable":true,"href":"https:\/\/vitmedis.lt\/en\/wp-json\/wp\/v2\/users\/1"}],"replies":[{"embeddable":true,"href":"https:\/\/vitmedis.lt\/en\/wp-json\/wp\/v2\/comments?post=8093"}],"version-history":[{"count":3,"href":"https:\/\/vitmedis.lt\/en\/wp-json\/wp\/v2\/pages\/8093\/revisions"}],"predecessor-version":[{"id":8102,"href":"https:\/\/vitmedis.lt\/en\/wp-json\/wp\/v2\/pages\/8093\/revisions\/8102"}],"wp:attachment":[{"href":"https:\/\/vitmedis.lt\/en\/wp-json\/wp\/v2\/media?parent=8093"}],"curies":[{"name":"wp","href":"https:\/\/api.w.org\/{rel}","templated":true}]}}