{"id":8,"date":"2024-05-28T19:53:57","date_gmt":"2024-05-28T19:53:57","guid":{"rendered":"http:\/\/vitmedis.lt\/home\/"},"modified":"2024-06-11T20:38:13","modified_gmt":"2024-06-11T20:38:13","slug":"pagrindinis","status":"publish","type":"page","link":"https:\/\/vitmedis.lt\/en\/","title":{"rendered":"Home"},"content":{"rendered":"<div class=\"wp-block-uagb-container uagb-block-edf9ad47 alignfull uagb-is-root-container\"><div class=\"uagb-container-inner-blocks-wrap\">\n<div class=\"wp-block-uagb-info-box uagb-block-360d083e uagb-infobox__content-wrap  uagb-infobox-icon-above-title uagb-infobox-image-valign-top\"><div class=\"uagb-ifb-content\"><div class=\"uagb-ifb-title-wrap\"><h1 class=\"uagb-ifb-title\">We create furniture for you <\/h1><\/div><p class=\"uagb-ifb-desc\">We specialize in quality wood furniture that meets your unique needs.<\/p><\/div><\/div>\n<\/div><\/div>\n\n\n\n<div class=\"wp-block-group is-layout-constrained wp-block-group-is-layout-constrained\">\n<div class=\"wp-block-uagb-container uagb-layout-flex uagb-block-cd2fc679 alignfull uagb-is-root-container\"><div class=\"uagb-container-inner-blocks-wrap\">\n<div class=\"wp-block-uagb-info-box uagb-block-3b175fd5 uagb-infobox__content-wrap  uagb-infobox-icon-above-title uagb-infobox-image-valign-top\"><div class=\"uagb-ifb-content\"><div class=\"uagb-ifb-title-wrap\"><h2 class=\"uagb-ifb-title\">Furniture by purpose<\/h2><\/div><p class=\"uagb-ifb-desc\">Vitmedis offers a range of quality and unique wooden furniture products for home and business.<\/p><\/div><\/div>\n\n\n\n<div class=\"wp-block-uagb-container uagb-block-16be1939\">\n<div class=\"wp-block-uagb-container uagb-block-cf96c206 alignfull uagb-is-root-container\"><div class=\"uagb-container-inner-blocks-wrap\">\n<div class=\"wp-block-uagb-container uagb-block-fbcf7cb2\">\n<div class=\"wp-block-uagb-advanced-heading uagb-block-a78f3039\"><h3 class=\"uagb-heading-text\">Furniture for the home<\/h3><\/div>\n\n\n\n<p>Made with special care from natural wood. Transform your home into a cosy and stylish space.<\/p>\n<\/div>\n\n\n\n<div class=\"wp-block-uagb-container uagb-block-68e532f2\">\n<div class=\"wp-block-uagb-advanced-heading uagb-block-347acce4\"><h3 class=\"uagb-heading-text\">Furniture for business<\/h3><\/div>\n\n\n\n<p>We'll provide you with the right furniture for your company's space - functional and distinctive.<\/p>\n<\/div>\n\n\n\n<div class=\"wp-block-uagb-container uagb-block-48d46d6e\">\n<div class=\"wp-block-uagb-advanced-heading uagb-block-7887ba01\"><h3 class=\"uagb-heading-text\">Kitchen furniture<\/h3><\/div>\n\n\n\n<p>Create your own space by choosing the colours, design and dimensions with our professional craftsmen.<\/p>\n<\/div>\n\n\n\n<div class=\"wp-block-uagb-container uagb-block-d79d8f5f\">\n<div class=\"wp-block-uagb-advanced-heading uagb-block-2cc13405\"><h3 class=\"uagb-heading-text\">Bedroom furniture<\/h3><\/div>\n\n\n\n<p>Bedroom furniture is a place to rest after a hard day. Your well-being depends on the quality of your rest.<\/p>\n<\/div>\n<\/div><\/div>\n<\/div>\n<\/div><\/div>\n\n\n\n<div class=\"wp-block-uagb-container uagb-block-6632ab53 alignfull uagb-is-root-container\"><div class=\"uagb-container-inner-blocks-wrap\">\n<div class=\"wp-block-uagb-buttons uagb-buttons__outer-wrap uagb-btn__default-btn uagb-btn-tablet__default-btn uagb-btn-mobile__default-btn uagb-block-65bb7abd\"><div class=\"uagb-buttons__wrap uagb-buttons-layout-wrap\">\n<div class=\"wp-block-uagb-buttons-child uagb-buttons__outer-wrap uagb-block-bb909e5c wp-block-button\"><div class=\"uagb-button__wrapper\"><a class=\"uagb-buttons-repeater wp-block-button__link\" aria-label=\"\" href=\"http:\/\/vitmedis.lt\/en\/paslaugos\/\" rel=\"follow noopener\" target=\"_self\" role=\"button\"><div class=\"uagb-button__link\">Find out more<\/div><\/a><\/div><\/div>\n<\/div><\/div>\n<\/div><\/div>\n<\/div>\n\n\n\n<div class=\"wp-block-uagb-container uagb-block-0cf1e869 alignfull uagb-is-root-container\"><div class=\"uagb-container-inner-blocks-wrap\">\n<div class=\"wp-block-uagb-container uagb-block-8e894bf5\">\n<div class=\"wp-block-uagb-image alignleft uagb-block-88e52dea wp-block-uagb-image--layout-default wp-block-uagb-image--effect-static wp-block-uagb-image--align-left\"><figure class=\"wp-block-uagb-image__figure\"><img decoding=\"async\" srcset=\"https:\/\/vitmedis.lt\/wp-content\/uploads\/2020\/01\/0003_WEB_Vitmedis_Pajesys_Meiluciai-1024x683.jpg ,https:\/\/vitmedis.lt\/wp-content\/uploads\/2020\/01\/0003_WEB_Vitmedis_Pajesys_Meiluciai.jpg 780w, https:\/\/vitmedis.lt\/wp-content\/uploads\/2020\/01\/0003_WEB_Vitmedis_Pajesys_Meiluciai.jpg 360w\" sizes=\"auto, (max-width: 480px) 150px\" src=\"https:\/\/vitmedis.lt\/wp-content\/uploads\/2020\/01\/0003_WEB_Vitmedis_Pajesys_Meiluciai-1024x683.jpg\" alt=\"\" class=\"uag-image-7754\" width=\"550\" height=\"536\" title=\"0003_WEB_Witwood_Pajesys_Meiluciai\" loading=\"lazy\" role=\"img\"\/><\/figure><\/div>\n<\/div>\n\n\n\n<div class=\"wp-block-uagb-container uagb-block-db5a712e\">\n<div class=\"wp-block-uagb-info-box uagb-block-69f2621f uagb-infobox__content-wrap  uagb-infobox-icon-above-title uagb-infobox-image-valign-top\"><div class=\"uagb-ifb-content\"><div class=\"uagb-ifb-title-wrap\"><h2 class=\"uagb-ifb-title\">About us<\/h2><\/div><p class=\"uagb-ifb-desc\">We have a wealth of experience and have been putting our hearts into making wooden furniture for more than ten years. We specialise in creating comfortable, high quality and cosy furniture for home and business.<\/p><div class=\"uagb-ifb-button-wrapper wp-block-button\"><a href=\"\/en\/apie-mus\/\" class=\"uagb-infobox-cta-link wp-block-button__link\" target=\"_self\" rel=\"noopener noreferrer\" onclick=\"return true;\"><span class=\"uagb-inline-editing\">More information<\/span><\/a><\/div><\/div><\/div>\n<\/div>\n<\/div><\/div>\n\n\n\n<div class=\"wp-block-uagb-container uagb-block-b9774670 alignfull uagb-is-root-container\">\n<div class=\"wp-block-uagb-testimonial uagb-slick-carousel uagb-tm__arrow-outside uagb-block-9c5eb390 uagb-post__carousel_notset uagb-post__carousel_notset-tablet uagb-post__carousel_notset-mobile\"><div class=\"is-carousel uagb-tm__columns-1 uagb-tm__items\"><div class=\"uagb-testimonial__wrap  uagb-tm__imgicon-style-circle uagb-tm__image-position-top uagb-tm__bg-type-none\"><div class=\"uagb-tm__content\"><div class=\"uagb-tm__overlay\"><\/div><div class=\"uagb-tm__image-content\"><div class=\"uagb-tm__image\"><img decoding=\"async\" class=\"uagb-tm-img-src\" src=\"http:\/\/vitmedis.lt\/wp-content\/uploads\/2024\/06\/326_SK1-150x150.jpg\" alt=\"\" width=\"64\" height=\"64\" loading=\"lazy\"\/><\/div><\/div><div class=\"uagb-tm__text-wrap\"><div class=\"uagb-tm__desc\">Vitmedis furniture is of the highest quality, meticulously crafted, with the beauty and functionality to tempt everyone<\/div><div class=\"uagb-tm__meta-inner\"><div class=\"uagb-testimonial-details\"><span class=\"uagb-tm__author-name\">Vilija Kazlauskait\u0117<\/span><span class=\"uagb-tm__company\"><\/span><\/div><\/div><\/div><\/div><\/div><\/div><\/div>\n<\/div>\n\n\n\n<div class=\"wp-block-uagb-container uagb-block-ec01bfa7 alignfull uagb-is-root-container\"><div class=\"uagb-container-inner-blocks-wrap\">\n<div class=\"wp-block-uagb-info-box uagb-block-13d69fb3 uagb-infobox__content-wrap  uagb-infobox-icon-above-title uagb-infobox-image-valign-top\"><div class=\"uagb-ifb-content\"><div class=\"uagb-ifb-title-wrap\"><h2 class=\"uagb-ifb-title\">Our news<\/h2><\/div><p class=\"uagb-ifb-desc\">Vitmedis is known for its unique design and top quality wooden furniture<\/p><\/div><\/div>\n<\/div><\/div>\n\n\n\n<div class=\"wp-block-group is-layout-flow wp-block-group-is-layout-flow\" style=\"padding-top:30px;padding-right:30px;padding-bottom:30px;padding-left:30px\">\n<div class=\"wp-block-columns is-layout-flex wp-container-core-columns-is-layout-28f84493 wp-block-columns-is-layout-flex\">\n<div class=\"wp-block-column is-layout-flow wp-block-column-is-layout-flow\" style=\"flex-basis:50%\">\n<div class=\"wp-block-query is-layout-flow wp-block-query-is-layout-flow\"><ul class=\"wp-block-post-template is-layout-flow wp-block-post-template-is-layout-flow\"><li class=\"wp-block-post post-8339 post type-post status-publish format-standard has-post-thumbnail hentry category-naujienos\">\n<figure class=\"wp-block-post-featured-image\"><img loading=\"lazy\" decoding=\"async\" width=\"2560\" height=\"2560\" src=\"https:\/\/vitmedis.lt\/wp-content\/uploads\/2025\/07\/Zalia-energija_naujos-kartos-lietuva-1-scaled.jpg\" class=\"attachment-post-thumbnail size-post-thumbnail wp-post-image\" alt=\"\" style=\"object-fit:cover;\" srcset=\"https:\/\/vitmedis.lt\/wp-content\/uploads\/2025\/07\/Zalia-energija_naujos-kartos-lietuva-1-scaled.jpg 2560w, https:\/\/vitmedis.lt\/wp-content\/uploads\/2025\/07\/Zalia-energija_naujos-kartos-lietuva-1-300x300.jpg 300w, https:\/\/vitmedis.lt\/wp-content\/uploads\/2025\/07\/Zalia-energija_naujos-kartos-lietuva-1-1024x1024.jpg 1024w, https:\/\/vitmedis.lt\/wp-content\/uploads\/2025\/07\/Zalia-energija_naujos-kartos-lietuva-1-150x150.jpg 150w, https:\/\/vitmedis.lt\/wp-content\/uploads\/2025\/07\/Zalia-energija_naujos-kartos-lietuva-1-768x768.jpg 768w, https:\/\/vitmedis.lt\/wp-content\/uploads\/2025\/07\/Zalia-energija_naujos-kartos-lietuva-1-1536x1536.jpg 1536w, https:\/\/vitmedis.lt\/wp-content\/uploads\/2025\/07\/Zalia-energija_naujos-kartos-lietuva-1-2048x2048.jpg 2048w, https:\/\/vitmedis.lt\/wp-content\/uploads\/2025\/07\/Zalia-energija_naujos-kartos-lietuva-1-12x12.jpg 12w\" sizes=\"auto, (max-width: 2560px) 100vw, 2560px\" \/><\/figure>\n\n<h2 class=\"has-link-color wp-elements-1b9b8b073305eed03c13c67b8acb823f wp-block-post-title\"><a href=\"https:\/\/vitmedis.lt\/en\/es-parama-energijos-kaupimo-irenginiams\/\" target=\"_self\" >EU support for energy storage installations<\/a><\/h2>\n\n\n<div class=\"wp-block-uagb-container uagb-block-80a73b42 alignfull uagb-is-root-container\"><div class=\"uagb-container-inner-blocks-wrap\"><\/div><\/div>\n\n\n\n<div style=\"height:66px\" aria-hidden=\"true\" class=\"wp-block-spacer\"><\/div>\n\n<\/li><li class=\"wp-block-post post-8332 post type-post status-publish format-standard has-post-thumbnail hentry category-naujienos\">\n<figure class=\"wp-block-post-featured-image\"><img loading=\"lazy\" decoding=\"async\" width=\"767\" height=\"500\" src=\"https:\/\/vitmedis.lt\/wp-content\/uploads\/2022\/10\/Certificate-2025-04-03T142015.683.png\" class=\"attachment-post-thumbnail size-post-thumbnail wp-post-image\" alt=\"\" style=\"object-fit:cover;\" srcset=\"https:\/\/vitmedis.lt\/wp-content\/uploads\/2022\/10\/Certificate-2025-04-03T142015.683.png 767w, https:\/\/vitmedis.lt\/wp-content\/uploads\/2022\/10\/Certificate-2025-04-03T142015.683-300x196.png 300w, https:\/\/vitmedis.lt\/wp-content\/uploads\/2022\/10\/Certificate-2025-04-03T142015.683-18x12.png 18w\" sizes=\"auto, (max-width: 767px) 100vw, 767px\" \/><\/figure>\n\n<h2 class=\"has-link-color wp-elements-1b9b8b073305eed03c13c67b8acb823f wp-block-post-title\"><a href=\"https:\/\/vitmedis.lt\/en\/stiprausi-lietuvoje-2024\/\" target=\"_self\" >\"Strongest Lithuania 2024\u2033<\/a><\/h2>\n\n\n<div class=\"wp-block-uagb-container uagb-block-80a73b42 alignfull uagb-is-root-container\"><div class=\"uagb-container-inner-blocks-wrap\"><\/div><\/div>\n\n\n\n<div style=\"height:66px\" aria-hidden=\"true\" class=\"wp-block-spacer\"><\/div>\n\n<\/li><\/ul><\/div>\n<\/div>\n\n\n\n<div class=\"wp-block-column is-layout-flow wp-block-column-is-layout-flow\" style=\"flex-basis:50%\">\n<div class=\"wp-block-query is-layout-flow wp-block-query-is-layout-flow\"><ul class=\"wp-block-post-template is-layout-flow wp-block-post-template-is-layout-flow\"><li class=\"wp-block-post post-8305 post type-post status-publish format-standard has-post-thumbnail hentry category-naujienos\">\n\n<div style=\"height:59px\" aria-hidden=\"true\" class=\"wp-block-spacer\"><\/div>\n\n\n<figure class=\"wp-block-post-featured-image\"><img loading=\"lazy\" decoding=\"async\" width=\"941\" height=\"627\" src=\"https:\/\/vitmedis.lt\/wp-content\/uploads\/2025\/03\/image.png\" class=\"attachment-post-thumbnail size-post-thumbnail wp-post-image\" alt=\"\" style=\"object-fit:cover;\" srcset=\"https:\/\/vitmedis.lt\/wp-content\/uploads\/2025\/03\/image.png 941w, https:\/\/vitmedis.lt\/wp-content\/uploads\/2025\/03\/image-300x200.png 300w, https:\/\/vitmedis.lt\/wp-content\/uploads\/2025\/03\/image-768x512.png 768w, https:\/\/vitmedis.lt\/wp-content\/uploads\/2025\/03\/image-18x12.png 18w\" sizes=\"auto, (max-width: 941px) 100vw, 941px\" \/><\/figure>\n\n<h2 class=\"has-link-color wp-elements-1b9b8b073305eed03c13c67b8acb823f wp-block-post-title\"><a href=\"https:\/\/vitmedis.lt\/en\/interjero-dizaino-tendencijos-2025-iems-metams\/\" target=\"_self\" >Interior design trends for 2025<\/a><\/h2>\n\n\n<div class=\"wp-block-uagb-container uagb-block-f5515ac0 alignfull uagb-is-root-container\"><div class=\"uagb-container-inner-blocks-wrap\"><\/div><\/div>\n\n<\/li><li class=\"wp-block-post post-8315 post type-post status-publish format-standard has-post-thumbnail hentry category-naujienos\">\n\n<div style=\"height:59px\" aria-hidden=\"true\" class=\"wp-block-spacer\"><\/div>\n\n\n<figure class=\"wp-block-post-featured-image\"><img loading=\"lazy\" decoding=\"async\" width=\"2560\" height=\"2560\" src=\"https:\/\/vitmedis.lt\/wp-content\/uploads\/2024\/12\/Reklama-scaled.jpg\" class=\"attachment-post-thumbnail size-post-thumbnail wp-post-image\" alt=\"\" style=\"object-fit:cover;\" srcset=\"https:\/\/vitmedis.lt\/wp-content\/uploads\/2024\/12\/Reklama-scaled.jpg 2560w, https:\/\/vitmedis.lt\/wp-content\/uploads\/2024\/12\/Reklama-300x300.jpg 300w, https:\/\/vitmedis.lt\/wp-content\/uploads\/2024\/12\/Reklama-1024x1024.jpg 1024w, https:\/\/vitmedis.lt\/wp-content\/uploads\/2024\/12\/Reklama-150x150.jpg 150w, https:\/\/vitmedis.lt\/wp-content\/uploads\/2024\/12\/Reklama-768x768.jpg 768w, https:\/\/vitmedis.lt\/wp-content\/uploads\/2024\/12\/Reklama-1536x1536.jpg 1536w, https:\/\/vitmedis.lt\/wp-content\/uploads\/2024\/12\/Reklama-2048x2048.jpg 2048w, https:\/\/vitmedis.lt\/wp-content\/uploads\/2024\/12\/Reklama-12x12.jpg 12w\" sizes=\"auto, (max-width: 2560px) 100vw, 2560px\" \/><\/figure>\n\n<h2 class=\"has-link-color wp-elements-1b9b8b073305eed03c13c67b8acb823f wp-block-post-title\"><a href=\"https:\/\/vitmedis.lt\/en\/es-parama-saules-elektrinem\/\" target=\"_self\" >EU support for solar power plants<\/a><\/h2>\n\n\n<div class=\"wp-block-uagb-container uagb-block-f5515ac0 alignfull uagb-is-root-container\"><div class=\"uagb-container-inner-blocks-wrap\"><\/div><\/div>\n\n<\/li><\/ul><\/div>\n\n\n\n<div class=\"wp-block-uagb-container uagb-block-a7c30cd7 alignfull uagb-is-root-container\"><div class=\"uagb-container-inner-blocks-wrap\">\n<div style=\"height:64px\" aria-hidden=\"true\" class=\"wp-block-spacer\"><\/div>\n<\/div><\/div>\n<\/div>\n<\/div>\n<\/div>\n\n\n\n<div class=\"wp-block-uagb-container uagb-block-c84325e4 alignfull uagb-is-root-container\"><div class=\"uagb-container-inner-blocks-wrap\">\n<div class=\"wp-block-uagb-info-box uagb-block-d8a09d88 uagb-infobox__content-wrap  uagb-infobox-icon-above-title uagb-infobox-image-valign-top\"><div class=\"uagb-ifb-content\"><div class=\"uagb-ifb-title-wrap\"><h2 class=\"uagb-ifb-title\">Contact us<\/h2><\/div><p class=\"uagb-ifb-desc\">We'll create a unique and cosy space that meets your needs and expectations.<\/p><div class=\"uagb-ifb-button-wrapper wp-block-button\"><a href=\"http:\/\/vitmedis.lt\/en\/kontaktai\/\" class=\"uagb-infobox-cta-link wp-block-button__link\" target=\"_self\" rel=\"noopener noreferrer\" onclick=\"return true;\"><span class=\"uagb-inline-editing\">Contact<\/span><\/a><\/div><\/div><\/div>\n<\/div><\/div>","protected":false},"excerpt":{"rendered":"<p>Baldai namams Pagaminti su ypatingu kruop\u0161tumu i\u0161 nat\u016bralios medienos. Savo nam\u0173 erdv\u0119 paversite jaukia ir stilinga. Baldai verslui Pasir\u016bpinsime j\u016bs\u0173 kompanijos erdve tinkamais, funkcionaliais ir i\u0161skirtiniais baldais. Virtuv\u0117s baldai Kurkite savit\u0105 erdv\u0119 pasirinkdami spalvas, dizain\u0105 ir i\u0161matavimus kartu su m\u016bs\u0173 profesionaliais meistrais. Miegamojo baldai Miegamojo baldai &#8211; tai vieta, kurioje galima pails\u0117ti po sunkios dienos. [&hellip;]<\/p>\n","protected":false},"author":1,"featured_media":0,"parent":0,"menu_order":0,"comment_status":"closed","ping_status":"closed","template":"","meta":{"_uag_custom_page_level_css":"","site-sidebar-layout":"default","site-content-layout":"","ast-site-content-layout":"full-width-container","site-content-style":"default","site-sidebar-style":"default","ast-global-header-display":"","ast-banner-title-visibility":"","ast-main-header-display":"","ast-hfb-above-header-display":"","ast-hfb-below-header-display":"","ast-hfb-mobile-header-display":"","site-post-title":"disabled","ast-breadcrumbs-content":"","ast-featured-img":"","footer-sml-layout":"","ast-disable-related-posts":"","theme-transparent-header-meta":"enabled","adv-header-id-meta":"","stick-header-meta":"","header-above-stick-meta":"","header-main-stick-meta":"","header-below-stick-meta":"","astra-migrate-meta-layouts":"set","ast-page-background-enabled":"default","ast-page-background-meta":{"desktop":{"background-color":"var(--ast-global-color-4)","background-image":"","background-repeat":"repeat","background-position":"center center","background-size":"auto","background-attachment":"scroll","background-type":"","background-media":"","overlay-type":"","overlay-color":"","overlay-opacity":"","overlay-gradient":""},"tablet":{"background-color":"","background-image":"","background-repeat":"repeat","background-position":"center center","background-size":"auto","background-attachment":"scroll","background-type":"","background-media":"","overlay-type":"","overlay-color":"","overlay-opacity":"","overlay-gradient":""},"mobile":{"background-color":"","background-image":"","background-repeat":"repeat","background-position":"center center","background-size":"auto","background-attachment":"scroll","background-type":"","background-media":"","overlay-type":"","overlay-color":"","overlay-opacity":"","overlay-gradient":""}},"ast-content-background-meta":{"desktop":{"background-color":"var(--ast-global-color-5)","background-image":"","background-repeat":"repeat","background-position":"center center","background-size":"auto","background-attachment":"scroll","background-type":"","background-media":"","overlay-type":"","overlay-color":"","overlay-opacity":"","overlay-gradient":""},"tablet":{"background-color":"var(--ast-global-color-5)","background-image":"","background-repeat":"repeat","background-position":"center center","background-size":"auto","background-attachment":"scroll","background-type":"","background-media":"","overlay-type":"","overlay-color":"","overlay-opacity":"","overlay-gradient":""},"mobile":{"background-color":"var(--ast-global-color-5)","background-image":"","background-repeat":"repeat","background-position":"center center","background-size":"auto","background-attachment":"scroll","background-type":"","background-media":"","overlay-type":"","overlay-color":"","overlay-opacity":"","overlay-gradient":""}},"footnotes":""},"class_list":["post-8","page","type-page","status-publish","hentry"],"yoast_head":"<!-- This site is optimized with the Yoast SEO plugin v27.3 - https:\/\/yoast.com\/product\/yoast-seo-wordpress\/ -->\n<title>Pagrindinis -<\/title>\n<meta name=\"robots\" content=\"index, follow, max-snippet:-1, max-image-preview:large, max-video-preview:-1\" \/>\n<link rel=\"canonical\" href=\"https:\/\/vitmedis.lt\/en\/\" \/>\n<meta property=\"og:locale\" content=\"en_US\" \/>\n<meta property=\"og:type\" content=\"article\" \/>\n<meta property=\"og:title\" content=\"Pagrindinis -\" \/>\n<meta property=\"og:description\" content=\"Baldai namams Pagaminti su ypatingu kruop\u0161tumu i\u0161 nat\u016bralios medienos. Savo nam\u0173 erdv\u0119 paversite jaukia ir stilinga. Baldai verslui Pasir\u016bpinsime j\u016bs\u0173 kompanijos erdve tinkamais, funkcionaliais ir i\u0161skirtiniais baldais. Virtuv\u0117s baldai Kurkite savit\u0105 erdv\u0119 pasirinkdami spalvas, dizain\u0105 ir i\u0161matavimus kartu su m\u016bs\u0173 profesionaliais meistrais. Miegamojo baldai Miegamojo baldai &#8211; tai vieta, kurioje galima pails\u0117ti po sunkios dienos. [&hellip;]\" \/>\n<meta property=\"og:url\" content=\"https:\/\/vitmedis.lt\/en\/\" \/>\n<meta property=\"article:modified_time\" content=\"2024-06-11T20:38:13+00:00\" \/>\n<meta property=\"og:image\" content=\"http:\/\/vitmedis.lt\/wp-content\/uploads\/2020\/01\/0003_WEB_Vitmedis_Pajesys_Meiluciai-1024x683.jpg\" \/>\n<meta name=\"twitter:card\" content=\"summary_large_image\" \/>\n<meta name=\"twitter:label1\" content=\"Est. reading time\" \/>\n\t<meta name=\"twitter:data1\" content=\"2 minutes\" \/>\n<script type=\"application\/ld+json\" class=\"yoast-schema-graph\">{\"@context\":\"https:\\\/\\\/schema.org\",\"@graph\":[{\"@type\":\"WebPage\",\"@id\":\"https:\\\/\\\/vitmedis.lt\\\/\",\"url\":\"https:\\\/\\\/vitmedis.lt\\\/\",\"name\":\"Pagrindinis -\",\"isPartOf\":{\"@id\":\"https:\\\/\\\/vitmedis.lt\\\/#website\"},\"primaryImageOfPage\":{\"@id\":\"https:\\\/\\\/vitmedis.lt\\\/#primaryimage\"},\"image\":{\"@id\":\"https:\\\/\\\/vitmedis.lt\\\/#primaryimage\"},\"thumbnailUrl\":\"http:\\\/\\\/vitmedis.lt\\\/wp-content\\\/uploads\\\/2020\\\/01\\\/0003_WEB_Vitmedis_Pajesys_Meiluciai-1024x683.jpg\",\"datePublished\":\"2024-05-28T19:53:57+00:00\",\"dateModified\":\"2024-06-11T20:38:13+00:00\",\"breadcrumb\":{\"@id\":\"https:\\\/\\\/vitmedis.lt\\\/#breadcrumb\"},\"inLanguage\":\"en-US\",\"potentialAction\":[{\"@type\":\"ReadAction\",\"target\":[\"https:\\\/\\\/vitmedis.lt\\\/\"]}]},{\"@type\":\"ImageObject\",\"inLanguage\":\"en-US\",\"@id\":\"https:\\\/\\\/vitmedis.lt\\\/#primaryimage\",\"url\":\"http:\\\/\\\/vitmedis.lt\\\/wp-content\\\/uploads\\\/2020\\\/01\\\/0003_WEB_Vitmedis_Pajesys_Meiluciai-1024x683.jpg\",\"contentUrl\":\"http:\\\/\\\/vitmedis.lt\\\/wp-content\\\/uploads\\\/2020\\\/01\\\/0003_WEB_Vitmedis_Pajesys_Meiluciai-1024x683.jpg\"},{\"@type\":\"BreadcrumbList\",\"@id\":\"https:\\\/\\\/vitmedis.lt\\\/#breadcrumb\",\"itemListElement\":[{\"@type\":\"ListItem\",\"position\":1,\"name\":\"Home\",\"item\":\"https:\\\/\\\/vitmedis.lt\\\/\"},{\"@type\":\"ListItem\",\"position\":2,\"name\":\"Pagrindinis\"}]},{\"@type\":\"WebSite\",\"@id\":\"https:\\\/\\\/vitmedis.lt\\\/#website\",\"url\":\"https:\\\/\\\/vitmedis.lt\\\/\",\"name\":\"\",\"description\":\"Baldai nepavald\u016bs laikui\",\"potentialAction\":[{\"@type\":\"SearchAction\",\"target\":{\"@type\":\"EntryPoint\",\"urlTemplate\":\"https:\\\/\\\/vitmedis.lt\\\/?s={search_term_string}\"},\"query-input\":{\"@type\":\"PropertyValueSpecification\",\"valueRequired\":true,\"valueName\":\"search_term_string\"}}],\"inLanguage\":\"en-US\"}]}<\/script>\n<!-- \/ Yoast SEO plugin. -->","yoast_head_json":{"title":"Home -","robots":{"index":"index","follow":"follow","max-snippet":"max-snippet:-1","max-image-preview":"max-image-preview:large","max-video-preview":"max-video-preview:-1"},"canonical":"https:\/\/vitmedis.lt\/en\/","og_locale":"en_US","og_type":"article","og_title":"Pagrindinis -","og_description":"Baldai namams Pagaminti su ypatingu kruop\u0161tumu i\u0161 nat\u016bralios medienos. Savo nam\u0173 erdv\u0119 paversite jaukia ir stilinga. Baldai verslui Pasir\u016bpinsime j\u016bs\u0173 kompanijos erdve tinkamais, funkcionaliais ir i\u0161skirtiniais baldais. Virtuv\u0117s baldai Kurkite savit\u0105 erdv\u0119 pasirinkdami spalvas, dizain\u0105 ir i\u0161matavimus kartu su m\u016bs\u0173 profesionaliais meistrais. Miegamojo baldai Miegamojo baldai &#8211; tai vieta, kurioje galima pails\u0117ti po sunkios dienos. [&hellip;]","og_url":"https:\/\/vitmedis.lt\/en\/","article_modified_time":"2024-06-11T20:38:13+00:00","og_image":[{"url":"http:\/\/vitmedis.lt\/wp-content\/uploads\/2020\/01\/0003_WEB_Vitmedis_Pajesys_Meiluciai-1024x683.jpg","type":"","width":"","height":""}],"twitter_card":"summary_large_image","twitter_misc":{"Est. reading time":"2 minutes"},"schema":{"@context":"https:\/\/schema.org","@graph":[{"@type":"WebPage","@id":"https:\/\/vitmedis.lt\/","url":"https:\/\/vitmedis.lt\/","name":"Home -","isPartOf":{"@id":"https:\/\/vitmedis.lt\/#website"},"primaryImageOfPage":{"@id":"https:\/\/vitmedis.lt\/#primaryimage"},"image":{"@id":"https:\/\/vitmedis.lt\/#primaryimage"},"thumbnailUrl":"http:\/\/vitmedis.lt\/wp-content\/uploads\/2020\/01\/0003_WEB_Vitmedis_Pajesys_Meiluciai-1024x683.jpg","datePublished":"2024-05-28T19:53:57+00:00","dateModified":"2024-06-11T20:38:13+00:00","breadcrumb":{"@id":"https:\/\/vitmedis.lt\/#breadcrumb"},"inLanguage":"en-US","potentialAction":[{"@type":"ReadAction","target":["https:\/\/vitmedis.lt\/"]}]},{"@type":"ImageObject","inLanguage":"en-US","@id":"https:\/\/vitmedis.lt\/#primaryimage","url":"http:\/\/vitmedis.lt\/wp-content\/uploads\/2020\/01\/0003_WEB_Vitmedis_Pajesys_Meiluciai-1024x683.jpg","contentUrl":"http:\/\/vitmedis.lt\/wp-content\/uploads\/2020\/01\/0003_WEB_Vitmedis_Pajesys_Meiluciai-1024x683.jpg"},{"@type":"BreadcrumbList","@id":"https:\/\/vitmedis.lt\/#breadcrumb","itemListElement":[{"@type":"ListItem","position":1,"name":"Home","item":"https:\/\/vitmedis.lt\/"},{"@type":"ListItem","position":2,"name":"Pagrindinis"}]},{"@type":"WebSite","@id":"https:\/\/vitmedis.lt\/#website","url":"https:\/\/vitmedis.lt\/","name":"","description":"Furniture is timeless","potentialAction":[{"@type":"SearchAction","target":{"@type":"EntryPoint","urlTemplate":"https:\/\/vitmedis.lt\/?s={search_term_string}"},"query-input":{"@type":"PropertyValueSpecification","valueRequired":true,"valueName":"search_term_string"}}],"inLanguage":"en-US"}]}},"uagb_featured_image_src":{"full":false,"thumbnail":false,"medium":false,"medium_large":false,"large":false,"1536x1536":false,"2048x2048":false,"trp-custom-language-flag":false},"uagb_author_info":{"display_name":"Rita","author_link":"https:\/\/vitmedis.lt\/en\/author\/admin\/"},"uagb_comment_info":0,"uagb_excerpt":"Baldai namams Pagaminti su ypatingu kruop\u0161tumu i\u0161 nat\u016bralios medienos. Savo nam\u0173 erdv\u0119 paversite jaukia ir stilinga. Baldai verslui Pasir\u016bpinsime j\u016bs\u0173 kompanijos erdve tinkamais, funkcionaliais ir i\u0161skirtiniais baldais. Virtuv\u0117s baldai Kurkite savit\u0105 erdv\u0119 pasirinkdami spalvas, dizain\u0105 ir i\u0161matavimus kartu su m\u016bs\u0173 profesionaliais meistrais. Miegamojo baldai Miegamojo baldai &#8211; tai vieta, kurioje galima pails\u0117ti po sunkios dienos.&hellip;","_links":{"self":[{"href":"https:\/\/vitmedis.lt\/en\/wp-json\/wp\/v2\/pages\/8","targetHints":{"allow":["GET"]}}],"collection":[{"href":"https:\/\/vitmedis.lt\/en\/wp-json\/wp\/v2\/pages"}],"about":[{"href":"https:\/\/vitmedis.lt\/en\/wp-json\/wp\/v2\/types\/page"}],"author":[{"embeddable":true,"href":"https:\/\/vitmedis.lt\/en\/wp-json\/wp\/v2\/users\/1"}],"replies":[{"embeddable":true,"href":"https:\/\/vitmedis.lt\/en\/wp-json\/wp\/v2\/comments?post=8"}],"version-history":[{"count":37,"href":"https:\/\/vitmedis.lt\/en\/wp-json\/wp\/v2\/pages\/8\/revisions"}],"predecessor-version":[{"id":8186,"href":"https:\/\/vitmedis.lt\/en\/wp-json\/wp\/v2\/pages\/8\/revisions\/8186"}],"wp:attachment":[{"href":"https:\/\/vitmedis.lt\/en\/wp-json\/wp\/v2\/media?parent=8"}],"curies":[{"name":"wp","href":"https:\/\/api.w.org\/{rel}","templated":true}]}}