{"id":3,"date":"2024-05-28T22:03:41","date_gmt":"2024-05-28T22:03:41","guid":{"rendered":"http:\/\/vitmedis.lt\/?page_id=3"},"modified":"2024-06-11T17:24:53","modified_gmt":"2024-06-11T17:24:53","slug":"slapuku-politika","status":"publish","type":"page","link":"https:\/\/vitmedis.lt\/en\/slapuku-politika\/","title":{"rendered":"Cookie Policy"},"content":{"rendered":"<div class=\"wp-block-uagb-container uagb-block-1138a3b8 alignfull uagb-is-root-container\"><div class=\"uagb-container-inner-blocks-wrap\">\n<div class=\"wp-block-uagb-container uagb-block-86ca33c5\">\n<h2 class=\"wp-block-heading has-text-align-center has-ast-global-color-5-color has-text-color has-link-color wp-elements-461f986e20ac6041dede3ee556412ff4\">Cookie Policy<\/h2>\n<\/div>\n<\/div><\/div>\n\n\n\n<div style=\"height:100px\" aria-hidden=\"true\" class=\"wp-block-spacer\"><\/div>\n\n\n\n<h5 class=\"wp-block-heading\">What are cookies?<\/h5>\n\n\n\n<p>This Cookie Policy explains what cookies are and how we use them, what cookies we use, i.e. what information we collect through cookies and how this information is used, and how to manage your cookie settings.<\/p>\n\n\n\n<p>Cookies are small text files used to store small pieces of information. They are stored on your device when a website is loaded into your browser. These cookies help us to ensure that the website works properly, to make it safer, to provide a better user experience, to understand how the website works, and to analyse what works and where it needs to be improved.<\/p>\n\n\n\n<h5 class=\"wp-block-heading\">How do we use cookies?<\/h5>\n\n\n\n<p>Like most online services, our website uses first-party and third-party cookies for several purposes. First-party cookies are mostly necessary for the proper functioning of the website and do not collect any personally identifiable information about you.<\/p>\n\n\n\n<p>The third party cookies used on our website are mainly used to understand how the website works, how you interact with our website, to ensure the security of our services, to provide you with relevant advertisements, and to provide you with a better and more complete user experience overall. experience and to help speed up future interactions with our website.<\/p>\n\n\n\n<h5 class=\"wp-block-heading\">Manage your cookie preferences<\/h5>\n\n\n\n<p>You can change your cookie preferences at any time by clicking the button above. This will allow you to revisit the cookie consent banner and change your preferences or withdraw your consent immediately. In addition, different browsers offer different methods for blocking and deleting cookies used by websites. You can change your browser settings to block\/delete cookies. Below are links to support documents on how to manage and delete cookies from the main internet browsers.<\/p>\n\n\n\n<p>Chrome: <a target=\"_blank\" rel=\"noreferrer noopener\" href=\"https:\/\/support.google.com\/accounts\/answer\/32050\">https:\/\/support.google.com\/accounts\/answer\/32050<\/a><\/p>\n\n\n\n<p>Safari: <a target=\"_blank\" rel=\"noreferrer noopener\" href=\"https:\/\/support.apple.com\/en-in\/guide\/safari\/sfri11471\/mac\">https:\/\/support.apple.com\/en-in\/guide\/safari\/sfri11471\/mac<\/a><\/p>\n\n\n\n<p>Firefox: <a target=\"_blank\" rel=\"noreferrer noopener\" href=\"https:\/\/support.mozilla.org\/en-US\/kb\/clear-cookies-and-site-data-firefox?redirectslug=delete-cookies-remove-info-websites-stored&amp;redirectlocale=en-US\">https:\/\/support.mozilla.org\/en-US\/kb\/clear-cookies-and-site-data-firefox?redirectslug=delete-cookies-remove-info-websites-stored&amp;redirectlocale=en-US<\/a><\/p>\n\n\n\n<p>Internet Explorer: <a target=\"_blank\" rel=\"noreferrer noopener\" href=\"https:\/\/support.microsoft.com\/en-us\/topic\/how-to-delete-cookie-files-in-internet-explorer-bca9446f-d873-78de-77ba-d42645fa52fc\">https:\/\/support.microsoft.com\/en-us\/topic\/how-to-delete-cookie-files-in-internet-explorer-bca9446f-d873-78de-77ba-d42645fa52fc<\/a><\/p>\n\n\n\n<p>If you use any other web browser, please refer to the browser's official support documentation.<\/p>\n\n\n\n<div class=\"wp-block-uagb-container uagb-block-edba817d alignfull uagb-is-root-container\"><div class=\"uagb-container-inner-blocks-wrap\"><\/div><\/div>","protected":false},"excerpt":{"rendered":"<p>Slapuk\u0173 politika Kas yra slapukai? \u0160ioje slapuk\u0173 politikoje paai\u0161kinama, kas yra slapukai ir kaip juos naudojame, kokius slapukus naudojame, t. y. koki\u0105 informacij\u0105 renkame naudodami slapukus ir kaip \u0161i informacija naudojama bei kaip tvarkyti slapuk\u0173 nustatymus. Slapukai yra ma\u017ei tekstiniai failai, naudojami ma\u017eoms informacijos dalims saugoti. Jie saugomi j\u016bs\u0173 \u012frenginyje, kai svetain\u0117 \u012fkeliama \u012f j\u016bs\u0173 [&hellip;]<\/p>\n","protected":false},"author":1,"featured_media":0,"parent":0,"menu_order":0,"comment_status":"closed","ping_status":"closed","template":"","meta":{"_uag_custom_page_level_css":"","site-sidebar-layout":"default","site-content-layout":"","ast-site-content-layout":"default","site-content-style":"default","site-sidebar-style":"default","ast-global-header-display":"","ast-banner-title-visibility":"","ast-main-header-display":"","ast-hfb-above-header-display":"","ast-hfb-below-header-display":"","ast-hfb-mobile-header-display":"","site-post-title":"disabled","ast-breadcrumbs-content":"","ast-featured-img":"","footer-sml-layout":"","ast-disable-related-posts":"","theme-transparent-header-meta":"","adv-header-id-meta":"","stick-header-meta":"","header-above-stick-meta":"","header-main-stick-meta":"","header-below-stick-meta":"","astra-migrate-meta-layouts":"set","ast-page-background-enabled":"default","ast-page-background-meta":{"desktop":{"background-color":"var(--ast-global-color-4)","background-image":"","background-repeat":"repeat","background-position":"center center","background-size":"auto","background-attachment":"scroll","background-type":"","background-media":"","overlay-type":"","overlay-color":"","overlay-opacity":"","overlay-gradient":""},"tablet":{"background-color":"","background-image":"","background-repeat":"repeat","background-position":"center center","background-size":"auto","background-attachment":"scroll","background-type":"","background-media":"","overlay-type":"","overlay-color":"","overlay-opacity":"","overlay-gradient":""},"mobile":{"background-color":"","background-image":"","background-repeat":"repeat","background-position":"center center","background-size":"auto","background-attachment":"scroll","background-type":"","background-media":"","overlay-type":"","overlay-color":"","overlay-opacity":"","overlay-gradient":""}},"ast-content-background-meta":{"desktop":{"background-color":"var(--ast-global-color-5)","background-image":"","background-repeat":"repeat","background-position":"center center","background-size":"auto","background-attachment":"scroll","background-type":"","background-media":"","overlay-type":"","overlay-color":"","overlay-opacity":"","overlay-gradient":""},"tablet":{"background-color":"var(--ast-global-color-5)","background-image":"","background-repeat":"repeat","background-position":"center center","background-size":"auto","background-attachment":"scroll","background-type":"","background-media":"","overlay-type":"","overlay-color":"","overlay-opacity":"","overlay-gradient":""},"mobile":{"background-color":"var(--ast-global-color-5)","background-image":"","background-repeat":"repeat","background-position":"center center","background-size":"auto","background-attachment":"scroll","background-type":"","background-media":"","overlay-type":"","overlay-color":"","overlay-opacity":"","overlay-gradient":""}},"footnotes":""},"class_list":["post-3","page","type-page","status-publish","hentry"],"yoast_head":"<!-- This site is optimized with the Yoast SEO plugin v27.3 - https:\/\/yoast.com\/product\/yoast-seo-wordpress\/ -->\n<title>Slapuk\u0173 politika -<\/title>\n<meta name=\"robots\" content=\"index, follow, max-snippet:-1, max-image-preview:large, max-video-preview:-1\" \/>\n<link rel=\"canonical\" href=\"https:\/\/vitmedis.lt\/en\/slapuku-politika\/\" \/>\n<meta property=\"og:locale\" content=\"en_US\" \/>\n<meta property=\"og:type\" content=\"article\" \/>\n<meta property=\"og:title\" content=\"Slapuk\u0173 politika -\" \/>\n<meta property=\"og:description\" content=\"Slapuk\u0173 politika Kas yra slapukai? \u0160ioje slapuk\u0173 politikoje paai\u0161kinama, kas yra slapukai ir kaip juos naudojame, kokius slapukus naudojame, t. y. koki\u0105 informacij\u0105 renkame naudodami slapukus ir kaip \u0161i informacija naudojama bei kaip tvarkyti slapuk\u0173 nustatymus. Slapukai yra ma\u017ei tekstiniai failai, naudojami ma\u017eoms informacijos dalims saugoti. Jie saugomi j\u016bs\u0173 \u012frenginyje, kai svetain\u0117 \u012fkeliama \u012f j\u016bs\u0173 [&hellip;]\" \/>\n<meta property=\"og:url\" content=\"https:\/\/vitmedis.lt\/en\/slapuku-politika\/\" \/>\n<meta property=\"article:modified_time\" content=\"2024-06-11T17:24:53+00:00\" \/>\n<meta name=\"twitter:card\" content=\"summary_large_image\" \/>\n<meta name=\"twitter:label1\" content=\"Est. reading time\" \/>\n\t<meta name=\"twitter:data1\" content=\"2 minutes\" \/>\n<script type=\"application\/ld+json\" class=\"yoast-schema-graph\">{\"@context\":\"https:\\\/\\\/schema.org\",\"@graph\":[{\"@type\":\"WebPage\",\"@id\":\"https:\\\/\\\/vitmedis.lt\\\/slapuku-politika\\\/\",\"url\":\"https:\\\/\\\/vitmedis.lt\\\/slapuku-politika\\\/\",\"name\":\"Slapuk\u0173 politika -\",\"isPartOf\":{\"@id\":\"https:\\\/\\\/vitmedis.lt\\\/#website\"},\"datePublished\":\"2024-05-28T22:03:41+00:00\",\"dateModified\":\"2024-06-11T17:24:53+00:00\",\"breadcrumb\":{\"@id\":\"https:\\\/\\\/vitmedis.lt\\\/slapuku-politika\\\/#breadcrumb\"},\"inLanguage\":\"en-US\",\"potentialAction\":[{\"@type\":\"ReadAction\",\"target\":[\"https:\\\/\\\/vitmedis.lt\\\/slapuku-politika\\\/\"]}]},{\"@type\":\"BreadcrumbList\",\"@id\":\"https:\\\/\\\/vitmedis.lt\\\/slapuku-politika\\\/#breadcrumb\",\"itemListElement\":[{\"@type\":\"ListItem\",\"position\":1,\"name\":\"Home\",\"item\":\"https:\\\/\\\/vitmedis.lt\\\/\"},{\"@type\":\"ListItem\",\"position\":2,\"name\":\"Slapuk\u0173 politika\"}]},{\"@type\":\"WebSite\",\"@id\":\"https:\\\/\\\/vitmedis.lt\\\/#website\",\"url\":\"https:\\\/\\\/vitmedis.lt\\\/\",\"name\":\"\",\"description\":\"Baldai nepavald\u016bs laikui\",\"potentialAction\":[{\"@type\":\"SearchAction\",\"target\":{\"@type\":\"EntryPoint\",\"urlTemplate\":\"https:\\\/\\\/vitmedis.lt\\\/?s={search_term_string}\"},\"query-input\":{\"@type\":\"PropertyValueSpecification\",\"valueRequired\":true,\"valueName\":\"search_term_string\"}}],\"inLanguage\":\"en-US\"}]}<\/script>\n<!-- \/ Yoast SEO plugin. -->","yoast_head_json":{"title":"Cookie Policy -","robots":{"index":"index","follow":"follow","max-snippet":"max-snippet:-1","max-image-preview":"max-image-preview:large","max-video-preview":"max-video-preview:-1"},"canonical":"https:\/\/vitmedis.lt\/en\/slapuku-politika\/","og_locale":"en_US","og_type":"article","og_title":"Slapuk\u0173 politika -","og_description":"Slapuk\u0173 politika Kas yra slapukai? \u0160ioje slapuk\u0173 politikoje paai\u0161kinama, kas yra slapukai ir kaip juos naudojame, kokius slapukus naudojame, t. y. koki\u0105 informacij\u0105 renkame naudodami slapukus ir kaip \u0161i informacija naudojama bei kaip tvarkyti slapuk\u0173 nustatymus. Slapukai yra ma\u017ei tekstiniai failai, naudojami ma\u017eoms informacijos dalims saugoti. Jie saugomi j\u016bs\u0173 \u012frenginyje, kai svetain\u0117 \u012fkeliama \u012f j\u016bs\u0173 [&hellip;]","og_url":"https:\/\/vitmedis.lt\/en\/slapuku-politika\/","article_modified_time":"2024-06-11T17:24:53+00:00","twitter_card":"summary_large_image","twitter_misc":{"Est. reading time":"2 minutes"},"schema":{"@context":"https:\/\/schema.org","@graph":[{"@type":"WebPage","@id":"https:\/\/vitmedis.lt\/slapuku-politika\/","url":"https:\/\/vitmedis.lt\/slapuku-politika\/","name":"Cookie Policy -","isPartOf":{"@id":"https:\/\/vitmedis.lt\/#website"},"datePublished":"2024-05-28T22:03:41+00:00","dateModified":"2024-06-11T17:24:53+00:00","breadcrumb":{"@id":"https:\/\/vitmedis.lt\/slapuku-politika\/#breadcrumb"},"inLanguage":"en-US","potentialAction":[{"@type":"ReadAction","target":["https:\/\/vitmedis.lt\/slapuku-politika\/"]}]},{"@type":"BreadcrumbList","@id":"https:\/\/vitmedis.lt\/slapuku-politika\/#breadcrumb","itemListElement":[{"@type":"ListItem","position":1,"name":"Home","item":"https:\/\/vitmedis.lt\/"},{"@type":"ListItem","position":2,"name":"Slapuk\u0173 politika"}]},{"@type":"WebSite","@id":"https:\/\/vitmedis.lt\/#website","url":"https:\/\/vitmedis.lt\/","name":"","description":"Furniture is timeless","potentialAction":[{"@type":"SearchAction","target":{"@type":"EntryPoint","urlTemplate":"https:\/\/vitmedis.lt\/?s={search_term_string}"},"query-input":{"@type":"PropertyValueSpecification","valueRequired":true,"valueName":"search_term_string"}}],"inLanguage":"en-US"}]}},"uagb_featured_image_src":{"full":false,"thumbnail":false,"medium":false,"medium_large":false,"large":false,"1536x1536":false,"2048x2048":false,"trp-custom-language-flag":false},"uagb_author_info":{"display_name":"Rita","author_link":"https:\/\/vitmedis.lt\/en\/author\/admin\/"},"uagb_comment_info":0,"uagb_excerpt":"Slapuk\u0173 politika Kas yra slapukai? \u0160ioje slapuk\u0173 politikoje paai\u0161kinama, kas yra slapukai ir kaip juos naudojame, kokius slapukus naudojame, t. y. koki\u0105 informacij\u0105 renkame naudodami slapukus ir kaip \u0161i informacija naudojama bei kaip tvarkyti slapuk\u0173 nustatymus. Slapukai yra ma\u017ei tekstiniai failai, naudojami ma\u017eoms informacijos dalims saugoti. Jie saugomi j\u016bs\u0173 \u012frenginyje, kai svetain\u0117 \u012fkeliama \u012f j\u016bs\u0173&hellip;","_links":{"self":[{"href":"https:\/\/vitmedis.lt\/en\/wp-json\/wp\/v2\/pages\/3","targetHints":{"allow":["GET"]}}],"collection":[{"href":"https:\/\/vitmedis.lt\/en\/wp-json\/wp\/v2\/pages"}],"about":[{"href":"https:\/\/vitmedis.lt\/en\/wp-json\/wp\/v2\/types\/page"}],"author":[{"embeddable":true,"href":"https:\/\/vitmedis.lt\/en\/wp-json\/wp\/v2\/users\/1"}],"replies":[{"embeddable":true,"href":"https:\/\/vitmedis.lt\/en\/wp-json\/wp\/v2\/comments?post=3"}],"version-history":[{"count":10,"href":"https:\/\/vitmedis.lt\/en\/wp-json\/wp\/v2\/pages\/3\/revisions"}],"predecessor-version":[{"id":8101,"href":"https:\/\/vitmedis.lt\/en\/wp-json\/wp\/v2\/pages\/3\/revisions\/8101"}],"wp:attachment":[{"href":"https:\/\/vitmedis.lt\/en\/wp-json\/wp\/v2\/media?parent=3"}],"curies":[{"name":"wp","href":"https:\/\/api.w.org\/{rel}","templated":true}]}}