{"id":118,"date":"2024-05-28T19:53:57","date_gmt":"2024-05-28T19:53:57","guid":{"rendered":"http:\/\/vitmedis.lt\/about\/"},"modified":"2024-06-10T08:34:02","modified_gmt":"2024-06-10T08:34:02","slug":"apie-mus","status":"publish","type":"page","link":"https:\/\/vitmedis.lt\/en\/apie-mus\/","title":{"rendered":"About us"},"content":{"rendered":"<div class=\"wp-block-uagb-container uagb-block-7fa683e6 alignfull uagb-is-root-container\"><div class=\"uagb-container-inner-blocks-wrap\">\n<div class=\"wp-block-uagb-advanced-heading uagb-block-74b342eb\"><h1 class=\"uagb-heading-text\">About Us<\/h1><\/div>\n<\/div><\/div>\n\n\n\n<div class=\"wp-block-uagb-container uagb-block-94ded581 alignfull uagb-is-root-container\"><div class=\"uagb-container-inner-blocks-wrap\">\n<div class=\"wp-block-uagb-advanced-heading uagb-block-671f3570\"><h2 class=\"uagb-heading-text\">What is Vitmedis?<\/h2><\/div>\n\n\n\n<div class=\"wp-block-uagb-container uagb-block-21891d52\">\n<div class=\"wp-block-uagb-container uagb-block-8a4a99e4\">\n<div class=\"wp-block-uagb-image alignleft uagb-block-e71a6b83 wp-block-uagb-image--layout-default wp-block-uagb-image--effect-static wp-block-uagb-image--align-left\"><figure class=\"wp-block-uagb-image__figure\"><img decoding=\"async\" srcset=\"https:\/\/vitmedis.lt\/wp-content\/uploads\/2023\/06\/spinta.jpg ,https:\/\/vitmedis.lt\/wp-content\/uploads\/2023\/06\/spinta.jpg 780w\" sizes=\"auto, (max-width: 480px) 150px\" src=\"https:\/\/vitmedis.lt\/wp-content\/uploads\/2023\/06\/spinta.jpg\" alt=\"\" class=\"uag-image-7816\" width=\"519\" height=\"536\" title=\"\" loading=\"lazy\" role=\"img\"\/><\/figure><\/div>\n<\/div>\n\n\n\n<div class=\"wp-block-uagb-container uagb-block-7e959f87\">\n<div class=\"wp-block-uagb-info-box uagb-block-4960c374 uagb-infobox__content-wrap  uagb-infobox-icon-above-title uagb-infobox-image-valign-top\"><div class=\"uagb-ifb-content\"><div class=\"uagb-ifb-title-wrap\"><h3 class=\"uagb-ifb-title\">Vitmedis is a company that sets high standards in furniture production - special care and natural wood give our products their uniqueness and durability.<\/h3><\/div><p class=\"uagb-ifb-desc\">The company started out not only as a furniture manufacturer, but also as woodworkers who create individual, memorable pieces of furniture.<br><br>With a client list that spans both the private sector and businesses, we are able to provide any style of furniture to suit the needs of each customer.<br><\/p><\/div><\/div>\n\n\n\n<div class=\"wp-block-columns is-layout-flex wp-container-core-columns-is-layout-28f84493 wp-block-columns-is-layout-flex\">\n<div class=\"wp-block-column is-layout-flow wp-block-column-is-layout-flow\">\n<p><strong>FOR BUSINESS ENTITIES<\/strong> We offer furniture solutions and production that meet the needs and styles of offices, restaurants, cafes, hotels and bars. <strong>FOR PRIVATE CLIENTS<\/strong> We help you realise your ideas for a cosy home - we individually design bedroom, kitchen, living room, bathroom and workroom furniture. At the customer's request, we produce individual furniture in the styles chosen by the customer from solid natural wood, plywood, laminated particleboard, veneered veneer panels, etc.<\/p>\n<\/div>\n<\/div>\n<\/div>\n<\/div>\n\n\n\n<div class=\"wp-block-columns is-layout-flex wp-container-core-columns-is-layout-28f84493 wp-block-columns-is-layout-flex\">\n<div class=\"wp-block-column is-layout-flow wp-block-column-is-layout-flow\">\n<p>We choose the highest quality fittings from the German manufacturer Hettich Holding, with ISO and LGA certificates, and innovative paints and varnishes from the Italian company Sherwin-Williams and Sayerlack, which comply with the quality and environmental management system standards UNI EN ISO 9001:2008 and UNI EN ISO 14001:2004.<br>We also use certified wood panels (MDP and LMDP), fibreboard (MPP) and plywood.<\/p>\n\n\n\n<p>We deliver all our projects with quality and responsibility.<\/p>\n\n\n\n<p>Once the furniture is made, it is delivered and assembled.<\/p>\n\n\n\n<p>We also provide services for manufacturers: painting, staining and varnishing of solid wood parts, plywood and MDF.<\/p>\n\n\n\n<p><\/p>\n<\/div>\n<\/div>\n<\/div><\/div>\n\n\n\n<div class=\"wp-block-uagb-container uagb-block-cc344175 alignfull uagb-is-root-container\"><div class=\"uagb-container-inner-blocks-wrap\">\n<div class=\"wp-block-uagb-advanced-heading uagb-block-7b2294a3\"><h2 class=\"uagb-heading-text\">Our values<\/h2><p class=\"uagb-desc-text\">Wood craftsmen with eight senses<\/p><\/div>\n\n\n\n<div class=\"wp-block-uagb-container uagb-block-ecb8dade\">\n<div class=\"wp-block-uagb-advanced-heading uagb-block-bef7d43a\"><h3 class=\"uagb-heading-text\">Quality<\/h3><p class=\"uagb-desc-text\">Our furniture is guaranteed to meet the highest expectations of our customers thanks to our meticulous manufacturing process.<\/p><\/div>\n\n\n\n<div class=\"wp-block-uagb-advanced-heading uagb-block-b863782d\"><h3 class=\"uagb-heading-text\">Individuality<\/h3><p class=\"uagb-desc-text\">Each piece of furniture we produce is unique and reflects the tastes and needs of the customer.<\/p><\/div>\n\n\n\n<div class=\"wp-block-uagb-advanced-heading uagb-block-9f890ad2\"><h3 class=\"uagb-heading-text\">Durability<\/h3><p class=\"uagb-desc-text\">Our furniture is designed to last a long time, providing comfort and exclusivity for our customers.<\/p><\/div>\n<\/div>\n<\/div><\/div>\n\n\n\n<div class=\"wp-block-uagb-container uagb-block-c84325e4 alignfull uagb-is-root-container\"><div class=\"uagb-container-inner-blocks-wrap\">\n<div class=\"wp-block-uagb-info-box uagb-block-d8a09d88 uagb-infobox__content-wrap  uagb-infobox-icon-above-title uagb-infobox-image-valign-top\"><div class=\"uagb-ifb-content\"><div class=\"uagb-ifb-title-wrap\"><h2 class=\"uagb-ifb-title\">Contact us<\/h2><\/div><p class=\"uagb-ifb-desc\">We'll create a unique and cosy space that meets your needs and expectations.<\/p><div class=\"uagb-ifb-button-wrapper wp-block-button\"><a href=\"http:\/\/vitmedis.lt\/en\/kontaktai\/\" class=\"uagb-infobox-cta-link wp-block-button__link\" target=\"_self\" rel=\"noopener noreferrer\" onclick=\"return true;\"><span class=\"uagb-inline-editing\">Contact<\/span><\/a><\/div><\/div><\/div>\n<\/div><\/div>","protected":false},"excerpt":{"rendered":"<p>Apie Mus Kas yra Vitmedis? VERSLO \u012eMON\u0116MS si\u016blome biur\u0173, restoran\u0173, kavini\u0173, vie\u0161bu\u010di\u0173, bar\u0173 poreikius ir stilistik\u0105 atitinkan\u010dius bald\u0173 sprendimus bei j\u0173 gamyb\u0105. PRIVATIEMS U\u017dSAKOVAMS padedame \u012fgyvendinti jauki\u0173 nam\u0173 id\u0117jas \u2013 individualiai projektuojame miegamojo, virtuv\u0117s, svetain\u0117s, vonios, darbo kambario baldus. U\u017esakovo pageidavimu pasirinkt\u0173 stili\u0173 individualius baldus gaminame i\u0161 nat\u016bralaus med\u017eio masyvo, faneros, laminuot\u0173 dro\u017eli\u0173 plok\u0161\u010di\u0173, faneruot\u0173 [&hellip;]<\/p>\n","protected":false},"author":1,"featured_media":0,"parent":0,"menu_order":0,"comment_status":"closed","ping_status":"closed","template":"","meta":{"_uag_custom_page_level_css":"","site-sidebar-layout":"default","site-content-layout":"","ast-site-content-layout":"default","site-content-style":"default","site-sidebar-style":"default","ast-global-header-display":"","ast-banner-title-visibility":"","ast-main-header-display":"","ast-hfb-above-header-display":"","ast-hfb-below-header-display":"","ast-hfb-mobile-header-display":"","site-post-title":"disabled","ast-breadcrumbs-content":"","ast-featured-img":"","footer-sml-layout":"","ast-disable-related-posts":"","theme-transparent-header-meta":"enabled","adv-header-id-meta":"","stick-header-meta":"","header-above-stick-meta":"","header-main-stick-meta":"","header-below-stick-meta":"","astra-migrate-meta-layouts":"set","ast-page-background-enabled":"default","ast-page-background-meta":{"desktop":{"background-color":"var(--ast-global-color-4)","background-image":"","background-repeat":"repeat","background-position":"center center","background-size":"auto","background-attachment":"scroll","background-type":"","background-media":"","overlay-type":"","overlay-color":"","overlay-opacity":"","overlay-gradient":""},"tablet":{"background-color":"","background-image":"","background-repeat":"repeat","background-position":"center center","background-size":"auto","background-attachment":"scroll","background-type":"","background-media":"","overlay-type":"","overlay-color":"","overlay-opacity":"","overlay-gradient":""},"mobile":{"background-color":"","background-image":"","background-repeat":"repeat","background-position":"center center","background-size":"auto","background-attachment":"scroll","background-type":"","background-media":"","overlay-type":"","overlay-color":"","overlay-opacity":"","overlay-gradient":""}},"ast-content-background-meta":{"desktop":{"background-color":"var(--ast-global-color-5)","background-image":"","background-repeat":"repeat","background-position":"center center","background-size":"auto","background-attachment":"scroll","background-type":"","background-media":"","overlay-type":"","overlay-color":"","overlay-opacity":"","overlay-gradient":""},"tablet":{"background-color":"var(--ast-global-color-5)","background-image":"","background-repeat":"repeat","background-position":"center center","background-size":"auto","background-attachment":"scroll","background-type":"","background-media":"","overlay-type":"","overlay-color":"","overlay-opacity":"","overlay-gradient":""},"mobile":{"background-color":"var(--ast-global-color-5)","background-image":"","background-repeat":"repeat","background-position":"center center","background-size":"auto","background-attachment":"scroll","background-type":"","background-media":"","overlay-type":"","overlay-color":"","overlay-opacity":"","overlay-gradient":""}},"footnotes":""},"class_list":["post-118","page","type-page","status-publish","hentry"],"yoast_head":"<!-- This site is optimized with the Yoast SEO plugin v27.3 - https:\/\/yoast.com\/product\/yoast-seo-wordpress\/ -->\n<title>Apie mus -<\/title>\n<meta name=\"robots\" content=\"index, follow, max-snippet:-1, max-image-preview:large, max-video-preview:-1\" \/>\n<link rel=\"canonical\" href=\"https:\/\/vitmedis.lt\/en\/apie-mus\/\" \/>\n<meta property=\"og:locale\" content=\"en_US\" \/>\n<meta property=\"og:type\" content=\"article\" \/>\n<meta property=\"og:title\" content=\"Apie mus -\" \/>\n<meta property=\"og:description\" content=\"Apie Mus Kas yra Vitmedis? VERSLO \u012eMON\u0116MS si\u016blome biur\u0173, restoran\u0173, kavini\u0173, vie\u0161bu\u010di\u0173, bar\u0173 poreikius ir stilistik\u0105 atitinkan\u010dius bald\u0173 sprendimus bei j\u0173 gamyb\u0105. PRIVATIEMS U\u017dSAKOVAMS padedame \u012fgyvendinti jauki\u0173 nam\u0173 id\u0117jas \u2013 individualiai projektuojame miegamojo, virtuv\u0117s, svetain\u0117s, vonios, darbo kambario baldus. U\u017esakovo pageidavimu pasirinkt\u0173 stili\u0173 individualius baldus gaminame i\u0161 nat\u016bralaus med\u017eio masyvo, faneros, laminuot\u0173 dro\u017eli\u0173 plok\u0161\u010di\u0173, faneruot\u0173 [&hellip;]\" \/>\n<meta property=\"og:url\" content=\"https:\/\/vitmedis.lt\/en\/apie-mus\/\" \/>\n<meta property=\"article:modified_time\" content=\"2024-06-10T08:34:02+00:00\" \/>\n<meta property=\"og:image\" content=\"http:\/\/vitmedis.lt\/wp-content\/uploads\/2023\/06\/spinta.jpg\" \/>\n<meta name=\"twitter:card\" content=\"summary_large_image\" \/>\n<meta name=\"twitter:label1\" content=\"Est. reading time\" \/>\n\t<meta name=\"twitter:data1\" content=\"4 minutes\" \/>\n<script type=\"application\/ld+json\" class=\"yoast-schema-graph\">{\"@context\":\"https:\\\/\\\/schema.org\",\"@graph\":[{\"@type\":\"WebPage\",\"@id\":\"https:\\\/\\\/vitmedis.lt\\\/apie-mus\\\/\",\"url\":\"https:\\\/\\\/vitmedis.lt\\\/apie-mus\\\/\",\"name\":\"Apie mus -\",\"isPartOf\":{\"@id\":\"https:\\\/\\\/vitmedis.lt\\\/#website\"},\"primaryImageOfPage\":{\"@id\":\"https:\\\/\\\/vitmedis.lt\\\/apie-mus\\\/#primaryimage\"},\"image\":{\"@id\":\"https:\\\/\\\/vitmedis.lt\\\/apie-mus\\\/#primaryimage\"},\"thumbnailUrl\":\"http:\\\/\\\/vitmedis.lt\\\/wp-content\\\/uploads\\\/2023\\\/06\\\/spinta.jpg\",\"datePublished\":\"2024-05-28T19:53:57+00:00\",\"dateModified\":\"2024-06-10T08:34:02+00:00\",\"breadcrumb\":{\"@id\":\"https:\\\/\\\/vitmedis.lt\\\/apie-mus\\\/#breadcrumb\"},\"inLanguage\":\"en-US\",\"potentialAction\":[{\"@type\":\"ReadAction\",\"target\":[\"https:\\\/\\\/vitmedis.lt\\\/apie-mus\\\/\"]}]},{\"@type\":\"ImageObject\",\"inLanguage\":\"en-US\",\"@id\":\"https:\\\/\\\/vitmedis.lt\\\/apie-mus\\\/#primaryimage\",\"url\":\"http:\\\/\\\/vitmedis.lt\\\/wp-content\\\/uploads\\\/2023\\\/06\\\/spinta.jpg\",\"contentUrl\":\"http:\\\/\\\/vitmedis.lt\\\/wp-content\\\/uploads\\\/2023\\\/06\\\/spinta.jpg\"},{\"@type\":\"BreadcrumbList\",\"@id\":\"https:\\\/\\\/vitmedis.lt\\\/apie-mus\\\/#breadcrumb\",\"itemListElement\":[{\"@type\":\"ListItem\",\"position\":1,\"name\":\"Home\",\"item\":\"https:\\\/\\\/vitmedis.lt\\\/\"},{\"@type\":\"ListItem\",\"position\":2,\"name\":\"Apie mus\"}]},{\"@type\":\"WebSite\",\"@id\":\"https:\\\/\\\/vitmedis.lt\\\/#website\",\"url\":\"https:\\\/\\\/vitmedis.lt\\\/\",\"name\":\"\",\"description\":\"Baldai nepavald\u016bs laikui\",\"potentialAction\":[{\"@type\":\"SearchAction\",\"target\":{\"@type\":\"EntryPoint\",\"urlTemplate\":\"https:\\\/\\\/vitmedis.lt\\\/?s={search_term_string}\"},\"query-input\":{\"@type\":\"PropertyValueSpecification\",\"valueRequired\":true,\"valueName\":\"search_term_string\"}}],\"inLanguage\":\"en-US\"}]}<\/script>\n<!-- \/ Yoast SEO plugin. -->","yoast_head_json":{"title":"Apie mus -","robots":{"index":"index","follow":"follow","max-snippet":"max-snippet:-1","max-image-preview":"max-image-preview:large","max-video-preview":"max-video-preview:-1"},"canonical":"https:\/\/vitmedis.lt\/en\/apie-mus\/","og_locale":"en_US","og_type":"article","og_title":"Apie mus -","og_description":"Apie Mus Kas yra Vitmedis? VERSLO \u012eMON\u0116MS si\u016blome biur\u0173, restoran\u0173, kavini\u0173, vie\u0161bu\u010di\u0173, bar\u0173 poreikius ir stilistik\u0105 atitinkan\u010dius bald\u0173 sprendimus bei j\u0173 gamyb\u0105. PRIVATIEMS U\u017dSAKOVAMS padedame \u012fgyvendinti jauki\u0173 nam\u0173 id\u0117jas \u2013 individualiai projektuojame miegamojo, virtuv\u0117s, svetain\u0117s, vonios, darbo kambario baldus. U\u017esakovo pageidavimu pasirinkt\u0173 stili\u0173 individualius baldus gaminame i\u0161 nat\u016bralaus med\u017eio masyvo, faneros, laminuot\u0173 dro\u017eli\u0173 plok\u0161\u010di\u0173, faneruot\u0173 [&hellip;]","og_url":"https:\/\/vitmedis.lt\/en\/apie-mus\/","article_modified_time":"2024-06-10T08:34:02+00:00","og_image":[{"url":"http:\/\/vitmedis.lt\/wp-content\/uploads\/2023\/06\/spinta.jpg","type":"","width":"","height":""}],"twitter_card":"summary_large_image","twitter_misc":{"Est. reading time":"4 minutes"},"schema":{"@context":"https:\/\/schema.org","@graph":[{"@type":"WebPage","@id":"https:\/\/vitmedis.lt\/apie-mus\/","url":"https:\/\/vitmedis.lt\/apie-mus\/","name":"Apie mus -","isPartOf":{"@id":"https:\/\/vitmedis.lt\/#website"},"primaryImageOfPage":{"@id":"https:\/\/vitmedis.lt\/apie-mus\/#primaryimage"},"image":{"@id":"https:\/\/vitmedis.lt\/apie-mus\/#primaryimage"},"thumbnailUrl":"http:\/\/vitmedis.lt\/wp-content\/uploads\/2023\/06\/spinta.jpg","datePublished":"2024-05-28T19:53:57+00:00","dateModified":"2024-06-10T08:34:02+00:00","breadcrumb":{"@id":"https:\/\/vitmedis.lt\/apie-mus\/#breadcrumb"},"inLanguage":"en-US","potentialAction":[{"@type":"ReadAction","target":["https:\/\/vitmedis.lt\/apie-mus\/"]}]},{"@type":"ImageObject","inLanguage":"en-US","@id":"https:\/\/vitmedis.lt\/apie-mus\/#primaryimage","url":"http:\/\/vitmedis.lt\/wp-content\/uploads\/2023\/06\/spinta.jpg","contentUrl":"http:\/\/vitmedis.lt\/wp-content\/uploads\/2023\/06\/spinta.jpg"},{"@type":"BreadcrumbList","@id":"https:\/\/vitmedis.lt\/apie-mus\/#breadcrumb","itemListElement":[{"@type":"ListItem","position":1,"name":"Home","item":"https:\/\/vitmedis.lt\/"},{"@type":"ListItem","position":2,"name":"Apie mus"}]},{"@type":"WebSite","@id":"https:\/\/vitmedis.lt\/#website","url":"https:\/\/vitmedis.lt\/","name":"","description":"Furniture is timeless","potentialAction":[{"@type":"SearchAction","target":{"@type":"EntryPoint","urlTemplate":"https:\/\/vitmedis.lt\/?s={search_term_string}"},"query-input":{"@type":"PropertyValueSpecification","valueRequired":true,"valueName":"search_term_string"}}],"inLanguage":"en-US"}]}},"uagb_featured_image_src":{"full":false,"thumbnail":false,"medium":false,"medium_large":false,"large":false,"1536x1536":false,"2048x2048":false,"trp-custom-language-flag":false},"uagb_author_info":{"display_name":"Rita","author_link":"https:\/\/vitmedis.lt\/en\/author\/admin\/"},"uagb_comment_info":0,"uagb_excerpt":"Apie Mus Kas yra Vitmedis? VERSLO \u012eMON\u0116MS si\u016blome biur\u0173, restoran\u0173, kavini\u0173, vie\u0161bu\u010di\u0173, bar\u0173 poreikius ir stilistik\u0105 atitinkan\u010dius bald\u0173 sprendimus bei j\u0173 gamyb\u0105. PRIVATIEMS U\u017dSAKOVAMS padedame \u012fgyvendinti jauki\u0173 nam\u0173 id\u0117jas \u2013 individualiai projektuojame miegamojo, virtuv\u0117s, svetain\u0117s, vonios, darbo kambario baldus. U\u017esakovo pageidavimu pasirinkt\u0173 stili\u0173 individualius baldus gaminame i\u0161 nat\u016bralaus med\u017eio masyvo, faneros, laminuot\u0173 dro\u017eli\u0173 plok\u0161\u010di\u0173, faneruot\u0173&hellip;","_links":{"self":[{"href":"https:\/\/vitmedis.lt\/en\/wp-json\/wp\/v2\/pages\/118","targetHints":{"allow":["GET"]}}],"collection":[{"href":"https:\/\/vitmedis.lt\/en\/wp-json\/wp\/v2\/pages"}],"about":[{"href":"https:\/\/vitmedis.lt\/en\/wp-json\/wp\/v2\/types\/page"}],"author":[{"embeddable":true,"href":"https:\/\/vitmedis.lt\/en\/wp-json\/wp\/v2\/users\/1"}],"replies":[{"embeddable":true,"href":"https:\/\/vitmedis.lt\/en\/wp-json\/wp\/v2\/comments?post=118"}],"version-history":[{"count":7,"href":"https:\/\/vitmedis.lt\/en\/wp-json\/wp\/v2\/pages\/118\/revisions"}],"predecessor-version":[{"id":8084,"href":"https:\/\/vitmedis.lt\/en\/wp-json\/wp\/v2\/pages\/118\/revisions\/8084"}],"wp:attachment":[{"href":"https:\/\/vitmedis.lt\/en\/wp-json\/wp\/v2\/media?parent=118"}],"curies":[{"name":"wp","href":"https:\/\/api.w.org\/{rel}","templated":true}]}}